{"id":66,"date":"2018-12-20T06:49:03","date_gmt":"2018-12-20T06:49:03","guid":{"rendered":"https:\/\/demo2wpopal.b-cdn.net\/maisonco\/?page_id=66"},"modified":"2026-04-15T19:29:25","modified_gmt":"2026-04-15T19:29:25","slug":"our-services","status":"publish","type":"page","link":"https:\/\/zelvahomes.com\/en\/our-services\/","title":{"rendered":"Our Services"},"content":{"rendered":"<div data-elementor-type=\"wp-post\" data-elementor-id=\"66\" class=\"elementor elementor-66\">\n\t\t\t\t<div class=\"elementor-element elementor-element-5968c52 e-con-full e-flex e-con e-parent\" data-id=\"5968c52\" data-element_type=\"container\" data-e-type=\"container\">\n\t\t\t\t<div class=\"elementor-element elementor-element-62d334d elementor-widget__width-inherit elementor-widget elementor-widget-html\" data-id=\"62d334d\" data-element_type=\"widget\" data-e-type=\"widget\" data-widget_type=\"html.default\">\n\t\t\t\t\t<style>\r\n\r\n*{box-sizing:border-box;margin:0;padding:0;}\r\n.zs{background:#FAF8F5;font-family:'Montserrat',sans-serif;width:100%;}\r\n.zs,.zs *{font-family:'Montserrat',sans-serif !important;}\r\n.zs h1,.zs h2,.zs h3{font-family:'Cormorant Garamond',serif !important;}\r\n\r\n.zs-hero{background:#E9DED0;padding:6px 60px;text-align:center;}\r\n.zs-eyebrow{display:flex;align-items:center;justify-content:center;gap:14px;margin-bottom:10px;}\r\n.zs-eyebrow-line{width:36px;height:1px;background:#C08558;opacity:0.6;}\r\n.zs-eyebrow span{font-size:10px;font-weight:500;letter-spacing:4px;text-transform:uppercase;color:#C08558;}\r\n.zs-hero h1{font-family:'Cormorant Garamond',serif !important;font-size:48px;font-weight:500;color:#1B3025;letter-spacing:2px;line-height:1.05;margin:0 0 6px;}\r\n.zs-hero p{font-size:13px;font-weight:300;letter-spacing:1.5px;color:rgba(27,48,37,0.6);margin:0;}\r\n\r\n.zs-pill-wrap{background:#FAF8F5;padding:32px 40px 0;text-align:center;}\r\n.zs-pill{display:inline-block;background:#1B3025;border-radius:50px;padding:18px 52px;}\r\n.zs-pill h2{font-family:'Cormorant Garamond',serif !important;font-size:28px;font-weight:500;color:#E9DED0;margin:0 0 4px;text-transform:none !important;}\r\n.zs-pill p{font-size:11px;font-weight:300;color:rgba(233,222,208,0.6);margin:0;}\r\n\r\n.zs-table-wrap{padding:24px 40px 48px;background:#FAF8F5;overflow-x:auto;}\r\ntable.zs-tbl{width:100%;border-collapse:collapse;table-layout:fixed;}\r\ntable.zs-tbl col.col-feature{width:50%;}\r\ntable.zs-tbl col.col-pkg{width:25%;}\r\n\r\n.zs-tbl-head{background:#1B3025;padding:20px 16px;text-align:center;vertical-align:top;}\r\n.zs-tbl-head.integral{border-top:3px solid #C08558;}\r\n.zs-pkg-tag{font-size:8px;font-weight:600;letter-spacing:2px;text-transform:uppercase;color:#C08558;display:block;margin-bottom:4px;}\r\n.zs-pkg-name{font-family:'Cormorant Garamond',serif !important;font-size:22px;font-weight:500;color:#E9DED0;display:block;line-height:1.1;margin-bottom:4px;}\r\n.zs-pkg-price{font-size:10px;color:rgba(233,222,208,0.45);font-weight:300;display:block;}\r\n.zs-pkg-extra{font-size:10px;color:#C08558;font-weight:500;display:block;margin-top:2px;}\r\n.zs-pkg-desc{font-size:10px;font-style:italic;color:rgba(233,222,208,0.5);display:block;margin-top:8px;line-height:1.5;}\r\n\r\ntd.zs-feature{padding:11px 16px;font-size:13px;font-weight:300;color:#1B3025;border-bottom:1px solid rgba(27,48,37,0.06);}\r\ntd.zs-check{text-align:center;padding:11px;border-bottom:1px solid rgba(27,48,37,0.06);background:rgba(107,130,120,0.08);}\r\ntr:nth-child(even) td.zs-feature{background:#fff;}\r\ntr:nth-child(even) td.zs-check{background:rgba(107,130,120,0.14);}\r\n\r\ntr.zs-section td{background:rgba(192,133,88,0.08);border-top:1px solid rgba(192,133,88,0.12);border-bottom:1px solid rgba(192,133,88,0.12);padding:7px 16px;font-size:8px;font-weight:600;letter-spacing:2px;text-transform:uppercase;color:#C08558;text-align:center;}\r\n\r\n.zs-check svg{width:14px;height:14px;}\r\n\r\n.zs-why{display:grid;grid-template-columns:1fr 1fr;align-items:stretch;min-height:360px;}\r\n.zs-why-text{padding:52px 48px;background:#FAF8F5;display:flex;flex-direction:column;justify-content:center;}\r\n.zs-why-img{overflow:hidden;}\r\n.zs-why-img img{width:100%;height:100%;object-fit:cover;display:block;}\r\n.zs-label{display:inline-flex;align-items:center;gap:10px;margin-bottom:10px;}\r\n.zs-label-dot{width:28px;height:2px;background:#C08558;border-radius:2px;}\r\n.zs-label span{font-size:9px;font-weight:500;letter-spacing:3px;text-transform:uppercase;color:#C08558;}\r\n.zs-why-text h2{font-family:'Cormorant Garamond',serif !important;font-size:36px;font-weight:500;color:#1B3025;margin:0 0 18px;}\r\n.zs-why-list{list-style:none;display:flex;flex-direction:column;gap:9px;}\r\n.zs-why-list li{display:flex;align-items:flex-start;gap:10px;font-size:13px;font-weight:300;color:#1B3025;line-height:1.6;}\r\n.zs-why-list li:before{content:'';width:5px;height:5px;border-radius:50%;background:#C08558;margin-top:6px;flex-shrink:0;}\r\n\r\n.zs-cta{background:#1B3025;padding:28px 60px 24px;text-align:center;}\r\n.zs-cta h2{font-family:'Cormorant Garamond',serif !important;font-size:38px;font-weight:500;color:#E9DED0;margin:0 0 8px;text-transform:none !important;}\r\n.zs-cta p{font-size:13px;font-weight:300;color:rgba(233,222,208,0.6);margin:0 auto 20px;line-height:1.8;max-width:440px;}\r\n.zs-cta-btn{display:inline-block;background:#C08558;color:#1B3025;font-size:10px;font-weight:600;letter-spacing:1px;text-transform:uppercase;padding:13px 34px;border-radius:2px;text-decoration:none;}\r\n\r\n.zelva-servicios-wrap{width:100vw;margin-left:calc(-50vw + 50%);}\r\n\r\n@media(max-width:768px){\r\n  .zs-hero{padding:100px 24px 40px;}\r\n  .zs-hero h1{font-size:34px;}\r\n  \r\n  .zs-pill-wrap{padding:24px 20px 0;}\r\n  .zs-pill{padding:16px 24px;border-radius:20px;}\r\n  .zs-pill h2{font-size:20px;}\r\n  \r\n  \/* TABLA: ocultar descripci\u00f3n larga en m\u00f3vil y ajustar columnas *\/\r\n  .zs-table-wrap{padding:20px 0 32px;}\r\n  .zs-pkg-desc{display:none;}\r\n  \r\n  table.zs-tbl{table-layout:auto;}\r\n  table.zs-tbl col.col-feature{width:55%;}\r\n  table.zs-tbl col.col-pkg{width:22.5%;}\r\n  \r\n  td.zs-feature{font-size:11px;padding:10px 8px;}\r\n  td.zs-check{padding:10px 4px;}\r\n  \r\n  .zs-pkg-name{font-size:16px;}\r\n  .zs-pkg-tag{font-size:7px;}\r\n  .zs-pkg-price{font-size:9px;}\r\n  .zs-pkg-extra{font-size:9px;}\r\n  \r\n  .zs-tbl-head{padding:14px 8px;}\r\n\r\n  \/* Por qu\u00e9 elegirnos: apilar en m\u00f3vil *\/\r\n  .zs-why{grid-template-columns:1fr;}\r\n  .zs-why-img{min-height:220px;order:1;}\r\n  .zs-why-text{padding:36px 20px;order:2;}\r\n\r\n  .zs-cta{padding:36px 20px;}\r\n  .zs-cta h2{font-size:26px;}\r\n}}\r\n}\r\n<\/style>\r\n\r\n<div class=\"zelva-servicios-wrap\">\r\n<div class=\"zs\">\r\n\r\n  <div class=\"zs-hero\" style=\"padding-top: 100px;\">\r\n    <div class=\"zs-eyebrow\">\r\n      <div class=\"zs-eyebrow-line\"><\/div>\r\n      <span>Para propietarios<\/span>\r\n      <div class=\"zs-eyebrow-line\"><\/div>\r\n    <\/div>\r\n    <h1>Our Services<\/h1>\r\n    <p>Gesti\u00f3n profesional de tu propiedad en Puerto Vallarta y Bah\u00eda de Banderas<\/p>\r\n  <\/div>\r\n\r\n  <div class=\"zs-pill-wrap\">\r\n    <div class=\"zs-pill\">\r\n      <h2>Encuentra tu plan perfecto<\/h2>\r\n      <p>Dos paquetes dise\u00f1ados para adaptarse a tus necesidades como propietario<\/p>\r\n    <\/div>\r\n  <\/div>\r\n\r\n  <div class=\"zs-table-wrap\">\r\n    <table class=\"zs-tbl\">\r\n      <col class=\"col-feature\">\r\n      <col class=\"col-pkg\">\r\n      <col class=\"col-pkg\">\r\n      <thead>\r\n        <tr>\r\n          <td style=\"background:#FAF8F5;\"><\/td>\r\n          <td class=\"zs-tbl-head\">\r\n            <span class=\"zs-pkg-tag\">Paquete 1<\/span>\r\n            <span class=\"zs-pkg-name\">Gesti\u00f3n<br>Esencial<\/span>\r\n            <span class=\"zs-pkg-price\">Desde 20% comisi\u00f3n<\/span>\r\n            <span class=\"zs-pkg-desc\">La opci\u00f3n ideal para propietarios que buscan administraci\u00f3n profesional con control sobre su propiedad.<\/span>\r\n          <\/td>\r\n          <td class=\"zs-tbl-head integral\">\r\n            <span class=\"zs-pkg-tag\">Paquete 2<\/span>\r\n            <span class=\"zs-pkg-name\">Gesti\u00f3n<br>Integral<\/span>\r\n            <span class=\"zs-pkg-price\">Desde 20% + cuota<\/span>\r\n            <span class=\"zs-pkg-extra\">desde USD $130\/mes<\/span>\r\n            <span class=\"zs-pkg-desc\">Para propietarios que desean delegar completamente la operaci\u00f3n con total tranquilidad.<\/span>\r\n          <\/td>\r\n        <\/tr>\r\n      <\/thead>\r\n      <tbody>\r\n        <tr class=\"zs-section\"><td colspan=\"3\">Servicios incluidos en ambos paquetes<\/td><\/tr>\r\n        <tr>\r\n          <td class=\"zs-feature\">Atenci\u00f3n completa a hu\u00e9spedes y manejo de reservas<\/td>\r\n          <td class=\"zs-check\"><svg viewbox=\"0 0 24 24\" fill=\"none\" stroke=\"#1B3025\" stroke-width=\"2.5\"><polyline points=\"20 6 9 17 4 12\"\/><\/svg><\/td>\r\n          <td class=\"zs-check\"><svg viewbox=\"0 0 24 24\" fill=\"none\" stroke=\"#1B3025\" stroke-width=\"2.5\"><polyline points=\"20 6 9 17 4 12\"\/><\/svg><\/td>\r\n        <\/tr>\r\n        <tr>\r\n          <td class=\"zs-feature\">Coordinaci\u00f3n de check-in y check-out<\/td>\r\n          <td class=\"zs-check\"><svg viewbox=\"0 0 24 24\" fill=\"none\" stroke=\"#1B3025\" stroke-width=\"2.5\"><polyline points=\"20 6 9 17 4 12\"\/><\/svg><\/td>\r\n          <td class=\"zs-check\"><svg viewbox=\"0 0 24 24\" fill=\"none\" stroke=\"#1B3025\" stroke-width=\"2.5\"><polyline points=\"20 6 9 17 4 12\"\/><\/svg><\/td>\r\n        <\/tr>\r\n        <tr>\r\n          <td class=\"zs-feature\">Publicaci\u00f3n en Airbnb, VRBO, Booking, Expedia y Google<\/td>\r\n          <td class=\"zs-check\"><svg viewbox=\"0 0 24 24\" fill=\"none\" stroke=\"#1B3025\" stroke-width=\"2.5\"><polyline points=\"20 6 9 17 4 12\"\/><\/svg><\/td>\r\n          <td class=\"zs-check\"><svg viewbox=\"0 0 24 24\" fill=\"none\" stroke=\"#1B3025\" stroke-width=\"2.5\"><polyline points=\"20 6 9 17 4 12\"\/><\/svg><\/td>\r\n        <\/tr>\r\n        <tr>\r\n          <td class=\"zs-feature\">Coordinaci\u00f3n de sesi\u00f3n fotogr\u00e1fica profesional<\/td>\r\n          <td class=\"zs-check\"><svg viewbox=\"0 0 24 24\" fill=\"none\" stroke=\"#1B3025\" stroke-width=\"2.5\"><polyline points=\"20 6 9 17 4 12\"\/><\/svg><\/td>\r\n          <td class=\"zs-check\"><svg viewbox=\"0 0 24 24\" fill=\"none\" stroke=\"#1B3025\" stroke-width=\"2.5\"><polyline points=\"20 6 9 17 4 12\"\/><\/svg><\/td>\r\n        <\/tr>\r\n        <tr>\r\n          <td class=\"zs-feature\">Estrategia de precios din\u00e1micos para maximizar ocupaci\u00f3n<\/td>\r\n          <td class=\"zs-check\"><svg viewbox=\"0 0 24 24\" fill=\"none\" stroke=\"#1B3025\" stroke-width=\"2.5\"><polyline points=\"20 6 9 17 4 12\"\/><\/svg><\/td>\r\n          <td class=\"zs-check\"><svg viewbox=\"0 0 24 24\" fill=\"none\" stroke=\"#1B3025\" stroke-width=\"2.5\"><polyline points=\"20 6 9 17 4 12\"\/><\/svg><\/td>\r\n        <\/tr>\r\n        <tr>\r\n          <td class=\"zs-feature\">Atenci\u00f3n a rese\u00f1as y retroalimentaci\u00f3n de hu\u00e9spedes<\/td>\r\n          <td class=\"zs-check\"><svg viewbox=\"0 0 24 24\" fill=\"none\" stroke=\"#1B3025\" stroke-width=\"2.5\"><polyline points=\"20 6 9 17 4 12\"\/><\/svg><\/td>\r\n          <td class=\"zs-check\"><svg viewbox=\"0 0 24 24\" fill=\"none\" stroke=\"#1B3025\" stroke-width=\"2.5\"><polyline points=\"20 6 9 17 4 12\"\/><\/svg><\/td>\r\n        <\/tr>\r\n        <tr>\r\n          <td class=\"zs-feature\">Reportes mensuales de ingresos y desempe\u00f1o<\/td>\r\n          <td class=\"zs-check\"><svg viewbox=\"0 0 24 24\" fill=\"none\" stroke=\"#1B3025\" stroke-width=\"2.5\"><polyline points=\"20 6 9 17 4 12\"\/><\/svg><\/td>\r\n          <td class=\"zs-check\"><svg viewbox=\"0 0 24 24\" fill=\"none\" stroke=\"#1B3025\" stroke-width=\"2.5\"><polyline points=\"20 6 9 17 4 12\"\/><\/svg><\/td>\r\n        <\/tr>\r\n        <tr>\r\n          <td class=\"zs-feature\">Comunicaci\u00f3n personalizada y constante<\/td>\r\n          <td class=\"zs-check\"><svg viewbox=\"0 0 24 24\" fill=\"none\" stroke=\"#1B3025\" stroke-width=\"2.5\"><polyline points=\"20 6 9 17 4 12\"\/><\/svg><\/td>\r\n          <td class=\"zs-check\"><svg viewbox=\"0 0 24 24\" fill=\"none\" stroke=\"#1B3025\" stroke-width=\"2.5\"><polyline points=\"20 6 9 17 4 12\"\/><\/svg><\/td>\r\n        <\/tr>\r\n        <tr class=\"zs-section\"><td colspan=\"3\">Solo en Gesti\u00f3n Integral<\/td><\/tr>\r\n        <tr>\r\n          <td class=\"zs-feature\">Coordinaci\u00f3n de limpieza profesional con control de calidad<\/td>\r\n          <td class=\"zs-check\"><svg viewbox=\"0 0 24 24\" fill=\"none\" stroke=\"rgba(27,48,37,0.2)\" stroke-width=\"2\"><line x1=\"18\" y1=\"6\" x2=\"6\" y2=\"18\"\/><line x1=\"6\" y1=\"6\" x2=\"18\" y2=\"18\"\/><\/svg><\/td>\r\n          <td class=\"zs-check\"><svg viewbox=\"0 0 24 24\" fill=\"none\" stroke=\"#C08558\" stroke-width=\"2.5\"><polyline points=\"20 6 9 17 4 12\"\/><\/svg><\/td>\r\n        <\/tr>\r\n        <tr>\r\n          <td class=\"zs-feature\">Mantenimiento preventivo y correctivo<\/td>\r\n          <td class=\"zs-check\"><svg viewbox=\"0 0 24 24\" fill=\"none\" stroke=\"rgba(27,48,37,0.2)\" stroke-width=\"2\"><line x1=\"18\" y1=\"6\" x2=\"6\" y2=\"18\"\/><line x1=\"6\" y1=\"6\" x2=\"18\" y2=\"18\"\/><\/svg><\/td>\r\n          <td class=\"zs-check\"><svg viewbox=\"0 0 24 24\" fill=\"none\" stroke=\"#C08558\" stroke-width=\"2.5\"><polyline points=\"20 6 9 17 4 12\"\/><\/svg><\/td>\r\n        <\/tr>\r\n        <tr>\r\n          <td class=\"zs-feature\">Supervisi\u00f3n presencial regular de la propiedad<\/td>\r\n          <td class=\"zs-check\"><svg viewbox=\"0 0 24 24\" fill=\"none\" stroke=\"rgba(27,48,37,0.2)\" stroke-width=\"2\"><line x1=\"18\" y1=\"6\" x2=\"6\" y2=\"18\"\/><line x1=\"6\" y1=\"6\" x2=\"18\" y2=\"18\"\/><\/svg><\/td>\r\n          <td class=\"zs-check\"><svg viewbox=\"0 0 24 24\" fill=\"none\" stroke=\"#C08558\" stroke-width=\"2.5\"><polyline points=\"20 6 9 17 4 12\"\/><\/svg><\/td>\r\n        <\/tr>\r\n        <tr>\r\n          <td class=\"zs-feature\">Abastecimiento de insumos b\u00e1sicos para la operaci\u00f3n<\/td>\r\n          <td class=\"zs-check\"><svg viewbox=\"0 0 24 24\" fill=\"none\" stroke=\"rgba(27,48,37,0.2)\" stroke-width=\"2\"><line x1=\"18\" y1=\"6\" x2=\"6\" y2=\"18\"\/><line x1=\"6\" y1=\"6\" x2=\"18\" y2=\"18\"\/><\/svg><\/td>\r\n          <td class=\"zs-check\"><svg viewbox=\"0 0 24 24\" fill=\"none\" stroke=\"#C08558\" stroke-width=\"2.5\"><polyline points=\"20 6 9 17 4 12\"\/><\/svg><\/td>\r\n        <\/tr>\r\n        <tr>\r\n          <td class=\"zs-feature\">Reposici\u00f3n de amenidades y art\u00edculos de bienvenida<\/td>\r\n          <td class=\"zs-check\"><svg viewbox=\"0 0 24 24\" fill=\"none\" stroke=\"rgba(27,48,37,0.2)\" stroke-width=\"2\"><line x1=\"18\" y1=\"6\" x2=\"6\" y2=\"18\"\/><line x1=\"6\" y1=\"6\" x2=\"18\" y2=\"18\"\/><\/svg><\/td>\r\n          <td class=\"zs-check\"><svg viewbox=\"0 0 24 24\" fill=\"none\" stroke=\"#C08558\" stroke-width=\"2.5\"><polyline points=\"20 6 9 17 4 12\"\/><\/svg><\/td>\r\n        <\/tr>\r\n        <tr>\r\n          <td class=\"zs-feature\">Gesti\u00f3n de emergencias 24\/7<\/td>\r\n          <td class=\"zs-check\"><svg viewbox=\"0 0 24 24\" fill=\"none\" stroke=\"rgba(27,48,37,0.2)\" stroke-width=\"2\"><line x1=\"18\" y1=\"6\" x2=\"6\" y2=\"18\"\/><line x1=\"6\" y1=\"6\" x2=\"18\" y2=\"18\"\/><\/svg><\/td>\r\n          <td class=\"zs-check\"><svg viewbox=\"0 0 24 24\" fill=\"none\" stroke=\"#C08558\" stroke-width=\"2.5\"><polyline points=\"20 6 9 17 4 12\"\/><\/svg><\/td>\r\n        <\/tr>\r\n        <tr>\r\n          <td class=\"zs-feature\">Optimizaci\u00f3n continua del rendimiento de la propiedad<\/td>\r\n          <td class=\"zs-check\"><svg viewbox=\"0 0 24 24\" fill=\"none\" stroke=\"rgba(27,48,37,0.2)\" stroke-width=\"2\"><line x1=\"18\" y1=\"6\" x2=\"6\" y2=\"18\"\/><line x1=\"6\" y1=\"6\" x2=\"18\" y2=\"18\"\/><\/svg><\/td>\r\n          <td class=\"zs-check\"><svg viewbox=\"0 0 24 24\" fill=\"none\" stroke=\"#C08558\" stroke-width=\"2.5\"><polyline points=\"20 6 9 17 4 12\"\/><\/svg><\/td>\r\n        <\/tr>\r\n      <\/tbody>\r\n    <\/table>\r\n  <\/div>\r\n\r\n  <div class=\"zs-why\">\r\n    <div class=\"zs-why-text\">\r\n      <div class=\"zs-label\"><div class=\"zs-label-dot\"><\/div><span>Nuestra diferencia<\/span><\/div>\r\n      <h2>\u00bfPor qu\u00e9 elegirnos?<\/h2>\r\n      <ul class=\"zs-why-list\">\r\n        <li>M\u00e1s de 10 a\u00f1os de experiencia en administraci\u00f3n vacacional<\/li>\r\n        <li>Perspectiva \u00fanica como anfitriona y propietaria: entendemos ambos lados<\/li>\r\n        <li>Atendemos pocas propiedades para dar la atenci\u00f3n que cada una merece<\/li>\r\n        <li>Enfoque boutique: atenci\u00f3n exclusiva y seguimiento cercano<\/li>\r\n        <li>Comunicaci\u00f3n directa y constante, sin intermediarios<\/li>\r\n      <\/ul>\r\n    <\/div>\r\n    <div class=\"zs-why-img\">\r\n      <img decoding=\"async\" src=\"https:\/\/zelvahomes.com\/wp-content\/uploads\/2026\/04\/arranging-spa-towels-table-warm-modern-selfcare-scaled.jpg\" alt=\"Zelva Homes\"\/>\r\n    <\/div>\r\n  <\/div>\r\n\r\n  <div class=\"zs-cta\">\r\n    <h2>Da el primer paso<\/h2>\r\n    <p>Contact us today for a free evaluation of your property in Puerto Vallarta and Bah\u00eda de Banderas.<\/p>\r\n    <a class=\"zs-cta-btn\" href=\"https:\/\/zelvahomes.com\/en\/#footer\">Cont\u00e1ctanos<\/a>\r\n  <\/div>\r\n\r\n<\/div>\r\n<\/div>\t\t\t\t<\/div>\n\t\t\t\t<\/div>\n\t\t\t\t<\/div>","protected":false},"excerpt":{"rendered":"<p>Para propietarios Nuestros Servicios Gesti\u00f3n profesional de tu propiedad en Puerto Vallarta y Bah\u00eda de Banderas Encuentra tu plan perfecto Dos paquetes dise\u00f1ados para adaptarse a tus necesidades como propietario Paquete 1 Gesti\u00f3nEsencial Desde 20% comisi\u00f3n La opci\u00f3n ideal para propietarios que buscan administraci\u00f3n profesional con control sobre su propiedad. Paquete 2 Gesti\u00f3nIntegral Desde 20% &hellip; <\/p>\n<p class=\"link-more\"><a href=\"https:\/\/zelvahomes.com\/en\/our-services\/\" class=\"more-link\">Read More <span class=\"screen-reader-text\"> &#8220;Nuestros Servicios&#8221;<\/span><\/a><\/p>","protected":false},"author":1,"featured_media":3891,"parent":0,"menu_order":0,"comment_status":"closed","ping_status":"closed","template":"page-elementor.php","meta":{"footnotes":""},"class_list":["post-66","page","type-page","status-publish","has-post-thumbnail","hentry"],"_hostinger_reach_plugin_has_subscription_block":false,"_hostinger_reach_plugin_is_elementor":false,"_links":{"self":[{"href":"https:\/\/zelvahomes.com\/en\/wp-json\/wp\/v2\/pages\/66","targetHints":{"allow":["GET"]}}],"collection":[{"href":"https:\/\/zelvahomes.com\/en\/wp-json\/wp\/v2\/pages"}],"about":[{"href":"https:\/\/zelvahomes.com\/en\/wp-json\/wp\/v2\/types\/page"}],"author":[{"embeddable":true,"href":"https:\/\/zelvahomes.com\/en\/wp-json\/wp\/v2\/users\/1"}],"replies":[{"embeddable":true,"href":"https:\/\/zelvahomes.com\/en\/wp-json\/wp\/v2\/comments?post=66"}],"version-history":[{"count":316,"href":"https:\/\/zelvahomes.com\/en\/wp-json\/wp\/v2\/pages\/66\/revisions"}],"predecessor-version":[{"id":5529,"href":"https:\/\/zelvahomes.com\/en\/wp-json\/wp\/v2\/pages\/66\/revisions\/5529"}],"wp:featuredmedia":[{"embeddable":true,"href":"https:\/\/zelvahomes.com\/en\/wp-json\/wp\/v2\/media\/3891"}],"wp:attachment":[{"href":"https:\/\/zelvahomes.com\/en\/wp-json\/wp\/v2\/media?parent=66"}],"curies":[{"name":"wp","href":"https:\/\/api.w.org\/{rel}","templated":true}]}}